{"id":4502,"date":"2021-10-18T15:16:14","date_gmt":"2021-10-18T18:16:14","guid":{"rendered":"https:\/\/brasilturoperadora.com.br\/site\/?page_id=4502"},"modified":"2021-10-18T16:53:43","modified_gmt":"2021-10-18T19:53:43","slug":"cruzeiros","status":"publish","type":"page","link":"https:\/\/brasilturoperadora.com.br\/site\/index.php\/cruzeiros\/","title":{"rendered":"Cruzeiros"},"content":{"rendered":"\t\t<div data-elementor-type=\"wp-page\" data-elementor-id=\"4502\" class=\"elementor elementor-4502\" data-elementor-settings=\"[]\">\n\t\t\t\t\t\t\t<div class=\"elementor-section-wrap\">\n\t\t\t\t\t        <section class=\"elementor-section elementor-inner-section elementor-element elementor-element-33957530 elementor-section-content-middle elementor-section-boxed elementor-section-height-default elementor-section-height-default\" data-id=\"33957530\" data-element_type=\"section\">\n            \n                        <div class=\"elementor-container elementor-column-gap-extended \">\n                    <div class=\"elementor-column elementor-col-50 elementor-inner-column elementor-element elementor-element-159aeae2\" data-id=\"159aeae2\" data-element_type=\"column\">\n            <div class=\"elementor-widget-wrap elementor-element-populated\">\n                        \t\t<div class=\"elementor-element elementor-element-1b8b3061 elementor-widget elementor-widget-ct_heading\" data-id=\"1b8b3061\" data-element_type=\"widget\" data-widget_type=\"ct_heading.default\">\n\t\t\t\t<div class=\"elementor-widget-container\">\n\t\t\t<div class=\"ct-heading ct-heading-dot h-align- \" data-wow-duration=\"1.2s\">\r\n\t\t\t<div class=\"item--sub-title style-default\">\r\n            <span>Featured services<\/span>\r\n        <\/div>\r\n\t        <h3 class=\"item--title\">\r\n                    <i class=\"dot-shape\">\r\n                <i><\/i>\r\n                <i><\/i>\r\n                <i><\/i>\r\n                <i><\/i>\r\n                <i><\/i>\r\n                <i><\/i>\r\n            <\/i>\r\n                Qual o melhor cruzeiro para voc\u00ea? Navios cruzeiros e atra\u00e7\u00f5es que a Brasiltur oferece.    <\/h3>\r\n<\/div>\t\t<\/div>\n\t\t\t\t<\/div>\n\t\t            <\/div>\n        <\/div>\n                <div class=\"elementor-column elementor-col-50 elementor-inner-column elementor-element elementor-element-49a5c6b6\" data-id=\"49a5c6b6\" data-element_type=\"column\">\n            <div class=\"elementor-widget-wrap elementor-element-populated\">\n                        \t\t<div class=\"elementor-element elementor-element-786d1a5a elementor-widget elementor-widget-ct_text_editor\" data-id=\"786d1a5a\" data-element_type=\"widget\" data-widget_type=\"ct_text_editor.default\">\n\t\t\t\t<div class=\"elementor-widget-container\">\n\t\t\t<div id=\"ct_text_editor-786d1a5a\" class=\"ct-text-editor \">\n\t<div class=\"ct-inline-css\"  data-css=\"\n        \">\n    <\/div>\n\t<div class=\"ct-text-editor elementor-clearfix\"><p><em>Cruzeiros<\/em>,\u00a0<em>cruzeiros<\/em>\u00a0mar\u00edtimos com as companhias Costa, MSC, Royal Caribbean,\u00a0<em>cruzeiros<\/em>\u00a0nacionais e internacionais<\/p><\/div>\n<\/div>\t\t<\/div>\n\t\t\t\t<\/div>\n\t\t            <\/div>\n        <\/div>\n                            <\/div>\n        <\/section>\n                <section class=\"elementor-section elementor-top-section elementor-element elementor-element-4bd8ab4 elementor-section-boxed elementor-section-height-default elementor-section-height-default\" data-id=\"4bd8ab4\" data-element_type=\"section\">\n            \n                        <div class=\"elementor-container elementor-column-gap-extended \">\n                    <div class=\"elementor-column elementor-col-100 elementor-top-column elementor-element elementor-element-c8b0dfd\" data-id=\"c8b0dfd\" data-element_type=\"column\">\n            <div class=\"elementor-widget-wrap elementor-element-populated\">\n                        \t\t<div class=\"elementor-element elementor-element-bd9fa29 elementor-widget elementor-widget-ct_service_grid\" data-id=\"bd9fa29\" data-element_type=\"widget\" data-widget_type=\"ct_service_grid.default\">\n\t\t\t\t<div class=\"elementor-widget-container\">\n\t\t\t\r\n<div id=\"ct_service_grid-bd9fa29\" class=\"ct-grid ct-service-grid1\" data-layout=\"masonry\" data-start-page=\"1\" data-max-pages=\"1\" data-total=\"3\" data-perpage=\"8\" data-next-link=\"\">\r\n    <div class=\"ct-grid-overlay\"><\/div>\r\n    \r\n    <div class=\"ct-grid-inner ct-grid-masonry row animate-time\" data-gutter=\"15\">\r\n                        <div class=\"grid-item col-xl-3 col-lg-3 col-md-6 col-sm-6 col-12 \">\r\n                    <div class=\"grid-item-inner \" data-wow-duration=\"1.2s\">\r\n                                                    <div class=\"item--featured\">\r\n                                <a href=\"https:\/\/brasilturoperadora.com.br\/site\/index.php\/service\/msc-cruzeiro\/\"><img decoding=\"async\" width=\"1553\" height=\"1001\" src=\"https:\/\/brasilturoperadora.com.br\/site\/wp-content\/uploads\/2021\/10\/MSC-cruzeiros.jpg\" class=\"attachment-full\" alt=\"\" srcset=\"https:\/\/brasilturoperadora.com.br\/site\/wp-content\/uploads\/2021\/10\/MSC-cruzeiros.jpg 1553w, https:\/\/brasilturoperadora.com.br\/site\/wp-content\/uploads\/2021\/10\/MSC-cruzeiros-300x193.jpg 300w, https:\/\/brasilturoperadora.com.br\/site\/wp-content\/uploads\/2021\/10\/MSC-cruzeiros-1024x660.jpg 1024w, https:\/\/brasilturoperadora.com.br\/site\/wp-content\/uploads\/2021\/10\/MSC-cruzeiros-768x495.jpg 768w, https:\/\/brasilturoperadora.com.br\/site\/wp-content\/uploads\/2021\/10\/MSC-cruzeiros-1536x990.jpg 1536w\" sizes=\"(max-width: 1553px) 100vw, 1553px\" \/><\/a>\r\n                            <\/div>\r\n                                                <div class=\"item--holder\">\r\n                                                            <h3 class=\"item--title\"><a href=\"https:\/\/brasilturoperadora.com.br\/site\/index.php\/service\/msc-cruzeiro\/\">MSC Cruzeiro<\/a><\/h3>\r\n                                                                                        <div class=\"item--content\">\r\n                                    MSC Cruzeiro                                <\/div>\r\n                                                        <div class=\"item--readmore ft-h\">\r\n                                <a href=\"https:\/\/brasilturoperadora.com.br\/site\/index.php\/service\/msc-cruzeiro\/\">+<\/a>\r\n                            <\/div>\r\n                        <\/div>\r\n                    <\/div>\r\n                <\/div>\r\n                            <div class=\"grid-item col-xl-3 col-lg-3 col-md-6 col-sm-6 col-12 \">\r\n                    <div class=\"grid-item-inner \" data-wow-duration=\"1.2s\">\r\n                                                    <div class=\"item--featured\">\r\n                                <a href=\"https:\/\/brasilturoperadora.com.br\/site\/index.php\/service\/pullmantur\/\"><img decoding=\"async\" width=\"768\" height=\"512\" src=\"https:\/\/brasilturoperadora.com.br\/site\/wp-content\/uploads\/2021\/10\/Pullmantur-2-1.jpg\" class=\"attachment-full\" alt=\"\" srcset=\"https:\/\/brasilturoperadora.com.br\/site\/wp-content\/uploads\/2021\/10\/Pullmantur-2-1.jpg 768w, https:\/\/brasilturoperadora.com.br\/site\/wp-content\/uploads\/2021\/10\/Pullmantur-2-1-300x200.jpg 300w\" sizes=\"(max-width: 768px) 100vw, 768px\" \/><\/a>\r\n                            <\/div>\r\n                                                <div class=\"item--holder\">\r\n                                                            <h3 class=\"item--title\"><a href=\"https:\/\/brasilturoperadora.com.br\/site\/index.php\/service\/pullmantur\/\">Pullmantur<\/a><\/h3>\r\n                                                                                        <div class=\"item--content\">\r\n                                    Pullmantur                                <\/div>\r\n                                                        <div class=\"item--readmore ft-h\">\r\n                                <a href=\"https:\/\/brasilturoperadora.com.br\/site\/index.php\/service\/pullmantur\/\">+<\/a>\r\n                            <\/div>\r\n                        <\/div>\r\n                    <\/div>\r\n                <\/div>\r\n                            <div class=\"grid-item col-xl-3 col-lg-3 col-md-6 col-sm-6 col-12 \">\r\n                    <div class=\"grid-item-inner \" data-wow-duration=\"1.2s\">\r\n                                                    <div class=\"item--featured\">\r\n                                <a href=\"https:\/\/brasilturoperadora.com.br\/site\/index.php\/service\/navigator-of-the-seas\/\"><img decoding=\"async\" width=\"2048\" height=\"1339\" src=\"https:\/\/brasilturoperadora.com.br\/site\/wp-content\/uploads\/2021\/10\/Navigator-of-the-seas-1.jpg\" class=\"attachment-full\" alt=\"\" srcset=\"https:\/\/brasilturoperadora.com.br\/site\/wp-content\/uploads\/2021\/10\/Navigator-of-the-seas-1.jpg 2048w, https:\/\/brasilturoperadora.com.br\/site\/wp-content\/uploads\/2021\/10\/Navigator-of-the-seas-1-300x196.jpg 300w, https:\/\/brasilturoperadora.com.br\/site\/wp-content\/uploads\/2021\/10\/Navigator-of-the-seas-1-1024x670.jpg 1024w, https:\/\/brasilturoperadora.com.br\/site\/wp-content\/uploads\/2021\/10\/Navigator-of-the-seas-1-768x502.jpg 768w, https:\/\/brasilturoperadora.com.br\/site\/wp-content\/uploads\/2021\/10\/Navigator-of-the-seas-1-1536x1004.jpg 1536w\" sizes=\"(max-width: 2048px) 100vw, 2048px\" \/><\/a>\r\n                            <\/div>\r\n                                                <div class=\"item--holder\">\r\n                                                            <h3 class=\"item--title\"><a href=\"https:\/\/brasilturoperadora.com.br\/site\/index.php\/service\/navigator-of-the-seas\/\">Navigator of the Seas<\/a><\/h3>\r\n                                                                                        <div class=\"item--content\">\r\n                                    Navigator of the Seas                                <\/div>\r\n                                                        <div class=\"item--readmore ft-h\">\r\n                                <a href=\"https:\/\/brasilturoperadora.com.br\/site\/index.php\/service\/navigator-of-the-seas\/\">+<\/a>\r\n                            <\/div>\r\n                        <\/div>\r\n                    <\/div>\r\n                <\/div>\r\n                                <div class=\"grid-sizer col-xl-3 col-lg-3 col-md-6 col-sm-6 col-12\"><\/div>\r\n            <\/div>\r\n        <\/div>\t\t<\/div>\n\t\t\t\t<\/div>\n\t\t            <\/div>\n        <\/div>\n                            <\/div>\n        <\/section>\n                <section class=\"elementor-section elementor-top-section elementor-element elementor-element-2a70d1ff elementor-section-boxed elementor-section-height-default elementor-section-height-default\" data-id=\"2a70d1ff\" data-element_type=\"section\">\n            \n                        <div class=\"elementor-container elementor-column-gap-extended \">\n                    <div class=\"elementor-column elementor-col-100 elementor-top-column elementor-element elementor-element-1b040f41\" data-id=\"1b040f41\" data-element_type=\"column\">\n            <div class=\"elementor-widget-wrap elementor-element-populated\">\n                        \t\t<div class=\"elementor-element elementor-element-516a5683 elementor-widget elementor-widget-ct_client_carousel\" data-id=\"516a5683\" data-element_type=\"widget\" data-widget_type=\"ct_client_carousel.default\">\n\t\t\t\t<div class=\"elementor-widget-container\">\n\t\t\t    <div class=\"ct-client1 ct-slick-slider style2\">\r\n        <div class=\"ct-clients-list-inner\">\r\n            <div class=\"ct-slick-carousel\" data-arrows=\"true\" data-dots=\"\" data-pauseOnHover=\"\" data-autoplay=\"true\" data-autoplaySpeed=\"5000\" data-infinite=\"true\" data-speed=\"500\" data-colxs=\"2\" data-colsm=\"3\" data-colmd=\"3\" data-collg=\"6\" data-colxl=\"6\" data-dir=\"false\" data-slidesToScroll=\"1\">\r\n                                        <div class=\"slick-slide\">\r\n                            <div class=\"client-image wow fadeInUp\">\r\n                                <a href=\"#\"><img decoding=\"async\" width=\"400\" height=\"400\" src=\"https:\/\/brasilturoperadora.com.br\/site\/wp-content\/uploads\/2020\/03\/affinity.png\" class=\"attachment-full\" alt=\"\" srcset=\"https:\/\/brasilturoperadora.com.br\/site\/wp-content\/uploads\/2020\/03\/affinity.png 400w, https:\/\/brasilturoperadora.com.br\/site\/wp-content\/uploads\/2020\/03\/affinity-300x300.png 300w, https:\/\/brasilturoperadora.com.br\/site\/wp-content\/uploads\/2020\/03\/affinity-150x150.png 150w\" sizes=\"(max-width: 400px) 100vw, 400px\" \/><\/a>\r\n                            <\/div>\r\n                        <\/div>\r\n                                                            <div class=\"slick-slide\">\r\n                            <div class=\"client-image wow fadeInUp\">\r\n                                <a href=\"#\"><img decoding=\"async\" width=\"692\" height=\"389\" src=\"https:\/\/brasilturoperadora.com.br\/site\/wp-content\/uploads\/2020\/03\/Azul.jpg\" class=\"attachment-full\" alt=\"\" srcset=\"https:\/\/brasilturoperadora.com.br\/site\/wp-content\/uploads\/2020\/03\/Azul.jpg 692w, https:\/\/brasilturoperadora.com.br\/site\/wp-content\/uploads\/2020\/03\/Azul-300x169.jpg 300w\" sizes=\"(max-width: 692px) 100vw, 692px\" \/><\/a>\r\n                            <\/div>\r\n                        <\/div>\r\n                                                            <div class=\"slick-slide\">\r\n                            <div class=\"client-image wow fadeInUp\">\r\n                                <a href=\"#\"><img decoding=\"async\" width=\"477\" height=\"224\" src=\"https:\/\/brasilturoperadora.com.br\/site\/wp-content\/uploads\/2020\/03\/cangoroo.png\" class=\"attachment-full\" alt=\"\" srcset=\"https:\/\/brasilturoperadora.com.br\/site\/wp-content\/uploads\/2020\/03\/cangoroo.png 477w, https:\/\/brasilturoperadora.com.br\/site\/wp-content\/uploads\/2020\/03\/cangoroo-300x141.png 300w\" sizes=\"(max-width: 477px) 100vw, 477px\" \/><\/a>\r\n                            <\/div>\r\n                        <\/div>\r\n                                                            <div class=\"slick-slide\">\r\n                            <div class=\"client-image wow fadeInUp\">\r\n                                <a href=\"#\"><img decoding=\"async\" width=\"1280\" height=\"686\" src=\"https:\/\/brasilturoperadora.com.br\/site\/wp-content\/uploads\/2020\/03\/gol-linhas-aereas.png\" class=\"attachment-full\" alt=\"\" srcset=\"https:\/\/brasilturoperadora.com.br\/site\/wp-content\/uploads\/2020\/03\/gol-linhas-aereas.png 1280w, https:\/\/brasilturoperadora.com.br\/site\/wp-content\/uploads\/2020\/03\/gol-linhas-aereas-300x161.png 300w, https:\/\/brasilturoperadora.com.br\/site\/wp-content\/uploads\/2020\/03\/gol-linhas-aereas-1024x549.png 1024w, https:\/\/brasilturoperadora.com.br\/site\/wp-content\/uploads\/2020\/03\/gol-linhas-aereas-768x412.png 768w\" sizes=\"(max-width: 1280px) 100vw, 1280px\" \/><\/a>\r\n                            <\/div>\r\n                        <\/div>\r\n                                                            <div class=\"slick-slide\">\r\n                            <div class=\"client-image wow fadeInUp\">\r\n                                <a href=\"#\"><img decoding=\"async\" width=\"900\" height=\"380\" src=\"https:\/\/brasilturoperadora.com.br\/site\/wp-content\/uploads\/2020\/03\/Latam-linhas-aereas.png\" class=\"attachment-full\" alt=\"\" srcset=\"https:\/\/brasilturoperadora.com.br\/site\/wp-content\/uploads\/2020\/03\/Latam-linhas-aereas.png 900w, https:\/\/brasilturoperadora.com.br\/site\/wp-content\/uploads\/2020\/03\/Latam-linhas-aereas-300x127.png 300w, https:\/\/brasilturoperadora.com.br\/site\/wp-content\/uploads\/2020\/03\/Latam-linhas-aereas-768x324.png 768w\" sizes=\"(max-width: 900px) 100vw, 900px\" \/><\/a>\r\n                            <\/div>\r\n                        <\/div>\r\n                                                            <div class=\"slick-slide\">\r\n                            <div class=\"client-image wow fadeInUp\">\r\n                                <a href=\"#\"><img decoding=\"async\" width=\"475\" height=\"336\" src=\"https:\/\/brasilturoperadora.com.br\/site\/wp-content\/uploads\/2020\/03\/movida.png\" class=\"attachment-full\" alt=\"\" srcset=\"https:\/\/brasilturoperadora.com.br\/site\/wp-content\/uploads\/2020\/03\/movida.png 475w, https:\/\/brasilturoperadora.com.br\/site\/wp-content\/uploads\/2020\/03\/movida-300x212.png 300w\" sizes=\"(max-width: 475px) 100vw, 475px\" \/><\/a>\r\n                            <\/div>\r\n                        <\/div>\r\n                                                <\/div>\r\n        <\/div>\r\n    <\/div>\r\n\t\t<\/div>\n\t\t\t\t<\/div>\n\t\t            <\/div>\n        <\/div>\n                            <\/div>\n        <\/section>\n        \t\t\t\t<\/div>\n\t\t\t\t\t<\/div>\n\t\t","protected":false},"excerpt":{"rendered":"<p>Featured services Qual o melhor cruzeiro para voc\u00ea? Navios cruzeiros e atra\u00e7\u00f5es que a Brasiltur oferece. Cruzeiros,\u00a0cruzeiros\u00a0mar\u00edtimos com as companhias Costa, MSC, Royal Caribbean,\u00a0cruzeiros\u00a0nacionais e internacionais MSC Cruzeiro MSC Cruzeiro + Pullmantur Pullmantur + Navigator of the Seas Navigator of the Seas +<\/p>\n","protected":false},"author":1,"featured_media":4476,"parent":0,"menu_order":0,"comment_status":"closed","ping_status":"closed","template":"","meta":{"footnotes":""},"_links":{"self":[{"href":"https:\/\/brasilturoperadora.com.br\/site\/index.php\/wp-json\/wp\/v2\/pages\/4502"}],"collection":[{"href":"https:\/\/brasilturoperadora.com.br\/site\/index.php\/wp-json\/wp\/v2\/pages"}],"about":[{"href":"https:\/\/brasilturoperadora.com.br\/site\/index.php\/wp-json\/wp\/v2\/types\/page"}],"author":[{"embeddable":true,"href":"https:\/\/brasilturoperadora.com.br\/site\/index.php\/wp-json\/wp\/v2\/users\/1"}],"replies":[{"embeddable":true,"href":"https:\/\/brasilturoperadora.com.br\/site\/index.php\/wp-json\/wp\/v2\/comments?post=4502"}],"version-history":[{"count":5,"href":"https:\/\/brasilturoperadora.com.br\/site\/index.php\/wp-json\/wp\/v2\/pages\/4502\/revisions"}],"predecessor-version":[{"id":4538,"href":"https:\/\/brasilturoperadora.com.br\/site\/index.php\/wp-json\/wp\/v2\/pages\/4502\/revisions\/4538"}],"wp:featuredmedia":[{"embeddable":true,"href":"https:\/\/brasilturoperadora.com.br\/site\/index.php\/wp-json\/wp\/v2\/media\/4476"}],"wp:attachment":[{"href":"https:\/\/brasilturoperadora.com.br\/site\/index.php\/wp-json\/wp\/v2\/media?parent=4502"}],"curies":[{"name":"wp","href":"https:\/\/api.w.org\/{rel}","templated":true}]}}