{"id":223,"date":"2020-03-04T11:27:41","date_gmt":"2020-03-04T11:27:41","guid":{"rendered":"https:\/\/demo.casethemes.net\/alico\/?page_id=223"},"modified":"2021-10-19T11:52:27","modified_gmt":"2021-10-19T14:52:27","slug":"galeria-brasiltur","status":"publish","type":"page","link":"https:\/\/brasilturoperadora.com.br\/site\/index.php\/galeria-brasiltur\/","title":{"rendered":"Galeria"},"content":{"rendered":"\t\t<div data-elementor-type=\"wp-page\" data-elementor-id=\"223\" class=\"elementor elementor-223\" data-elementor-settings=\"[]\">\n\t\t\t\t\t\t\t<div class=\"elementor-section-wrap\">\n\t\t\t\t\t        <section class=\"elementor-section elementor-top-section elementor-element elementor-element-6242795 elementor-section-boxed elementor-section-height-default elementor-section-height-default\" data-id=\"6242795\" data-element_type=\"section\">\n            \n                        <div class=\"elementor-container elementor-column-gap-extended \">\n                    <div class=\"elementor-column elementor-col-100 elementor-top-column elementor-element elementor-element-26e8fa1\" data-id=\"26e8fa1\" data-element_type=\"column\">\n            <div class=\"elementor-widget-wrap elementor-element-populated\">\n                                <section class=\"elementor-section elementor-inner-section elementor-element elementor-element-ce1d63b elementor-section-content-middle elementor-section-boxed elementor-section-height-default elementor-section-height-default\" data-id=\"ce1d63b\" data-element_type=\"section\">\n            \n                        <div class=\"elementor-container elementor-column-gap-extended \">\n                    <div class=\"elementor-column elementor-col-50 elementor-inner-column elementor-element elementor-element-dc5741b\" data-id=\"dc5741b\" data-element_type=\"column\">\n            <div class=\"elementor-widget-wrap elementor-element-populated\">\n                        \t\t<div class=\"elementor-element elementor-element-a381b9c elementor-widget elementor-widget-ct_heading\" data-id=\"a381b9c\" data-element_type=\"widget\" data-widget_type=\"ct_heading.default\">\n\t\t\t\t<div class=\"elementor-widget-container\">\n\t\t\t<div class=\"ct-heading ct-heading-default h-align- \" data-wow-duration=\"1.2s\">\r\n\t\t\t<div class=\"item--sub-title style-default\">\r\n            <span>Portfolio<\/span>\r\n        <\/div>\r\n\t        <h3 class=\"item--title\">\r\n                Trabalhamos para proporcionar a melhor experi\u00eancia !    <\/h3>\r\n<\/div>\t\t<\/div>\n\t\t\t\t<\/div>\n\t\t            <\/div>\n        <\/div>\n                <div class=\"elementor-column elementor-col-50 elementor-inner-column elementor-element elementor-element-8b23a2a\" data-id=\"8b23a2a\" data-element_type=\"column\">\n            <div class=\"elementor-widget-wrap elementor-element-populated\">\n                        \t\t<div class=\"elementor-element elementor-element-2f09ebc elementor-widget elementor-widget-ct_text_editor\" data-id=\"2f09ebc\" data-element_type=\"widget\" data-widget_type=\"ct_text_editor.default\">\n\t\t\t\t<div class=\"elementor-widget-container\">\n\t\t\t<div id=\"ct_text_editor-2f09ebc\" class=\"ct-text-editor \">\n\t<div class=\"ct-inline-css\"  data-css=\"\n        \">\n    <\/div>\n\t<div class=\"ct-text-editor elementor-clearfix\"><p>Sermos reconhecidos pela excel\u00eancia dos servi\u00e7os prestados no segmento de turismo em geral e religiosos, pela fideliza\u00e7\u00e3o dos nossos clientes, utilizando tecnologia de ponta, mantendo assim um crescimento sustent\u00e1vel!<\/p><\/div>\n<\/div>\t\t<\/div>\n\t\t\t\t<\/div>\n\t\t            <\/div>\n        <\/div>\n                            <\/div>\n        <\/section>\n        \t\t<div class=\"elementor-element elementor-element-99c49e0 elementor-widget elementor-widget-gallery\" data-id=\"99c49e0\" data-element_type=\"widget\" data-settings=\"{&quot;image_hover_animation&quot;:&quot;shrink-contained&quot;,&quot;lazyload&quot;:&quot;yes&quot;,&quot;gallery_layout&quot;:&quot;grid&quot;,&quot;columns&quot;:4,&quot;columns_tablet&quot;:2,&quot;columns_mobile&quot;:1,&quot;gap&quot;:{&quot;unit&quot;:&quot;px&quot;,&quot;size&quot;:10,&quot;sizes&quot;:[]},&quot;gap_tablet&quot;:{&quot;unit&quot;:&quot;px&quot;,&quot;size&quot;:10,&quot;sizes&quot;:[]},&quot;gap_mobile&quot;:{&quot;unit&quot;:&quot;px&quot;,&quot;size&quot;:10,&quot;sizes&quot;:[]},&quot;link_to&quot;:&quot;file&quot;,&quot;aspect_ratio&quot;:&quot;3:2&quot;,&quot;show_all_galleries&quot;:&quot;yes&quot;,&quot;overlay_background&quot;:&quot;yes&quot;,&quot;content_hover_animation&quot;:&quot;fade-in&quot;}\" data-widget_type=\"gallery.default\">\n\t\t\t\t<div class=\"elementor-widget-container\">\n\t\t\t\t\t\t<div class=\"elementor-gallery__titles-container e--pointer-underline e--animation-fade\">\n\t\t\t\t\t\t\t\t\t<a data-gallery-index=\"all\" class=\"elementor-item elementor-gallery-title\">All<\/a>\n\t\t\t\t\n\t\t\t\t\t\t\t\t\t<a data-gallery-index=\"0\" class=\"elementor-item elementor-gallery-title\">Israel<\/a>\n\t\t\t\t\t\t\t\t<\/div>\n\t\t\t\t\t<div class=\"elementor-gallery__container\">\n\t\t\t\t\t\t\t<a class=\"e-gallery-item elementor-gallery-item elementor-animated-content\" data-e-gallery-tags=\"0\" href=\"https:\/\/brasilturoperadora.com.br\/site\/wp-content\/uploads\/2020\/03\/WhatsApp-Image-2020-10-13-at-11.16.40-2.jpeg\" data-elementor-open-lightbox=\"yes\" data-elementor-lightbox-slideshow=\"all-99c49e0\" data-elementor-lightbox-title=\"WhatsApp Image 2020-10-13 at 11.16.40 (2)\">\n\t\t\t\t\t<div class=\"e-gallery-image elementor-gallery-item__image\" data-thumbnail=\"https:\/\/brasilturoperadora.com.br\/site\/wp-content\/uploads\/2020\/03\/WhatsApp-Image-2020-10-13-at-11.16.40-2-225x300.jpeg\" data-width=\"225\" data-height=\"300\" alt=\"\" ><\/div>\n\t\t\t\t\t\t\t\t\t\t<div class=\"elementor-gallery-item__overlay\"><\/div>\n\t\t\t\t\t\t\t\t\t\t\t\t\t\t<\/a>\n\t\t\t\t\t\t\t<a class=\"e-gallery-item elementor-gallery-item elementor-animated-content\" data-e-gallery-tags=\"0\" href=\"https:\/\/brasilturoperadora.com.br\/site\/wp-content\/uploads\/2020\/03\/rio.png\" data-elementor-open-lightbox=\"yes\" data-elementor-lightbox-slideshow=\"all-99c49e0\" data-elementor-lightbox-title=\"rio\">\n\t\t\t\t\t<div class=\"e-gallery-image elementor-gallery-item__image\" data-thumbnail=\"https:\/\/brasilturoperadora.com.br\/site\/wp-content\/uploads\/2020\/03\/rio-300x200.png\" data-width=\"300\" data-height=\"200\" alt=\"\" ><\/div>\n\t\t\t\t\t\t\t\t\t\t<div class=\"elementor-gallery-item__overlay\"><\/div>\n\t\t\t\t\t\t\t\t\t\t\t\t\t\t<\/a>\n\t\t\t\t\t\t\t<a class=\"e-gallery-item elementor-gallery-item elementor-animated-content\" data-e-gallery-tags=\"0\" href=\"https:\/\/brasilturoperadora.com.br\/site\/wp-content\/uploads\/2021\/10\/joao-pessoa-brasiltur-Go.jpg\" data-elementor-open-lightbox=\"yes\" data-elementor-lightbox-slideshow=\"all-99c49e0\" data-elementor-lightbox-title=\"joao-pessoa-brasiltur Go\">\n\t\t\t\t\t<div class=\"e-gallery-image elementor-gallery-item__image\" data-thumbnail=\"https:\/\/brasilturoperadora.com.br\/site\/wp-content\/uploads\/2021\/10\/joao-pessoa-brasiltur-Go-300x194.jpg\" data-width=\"300\" data-height=\"194\" alt=\"\" ><\/div>\n\t\t\t\t\t\t\t\t\t\t<div class=\"elementor-gallery-item__overlay\"><\/div>\n\t\t\t\t\t\t\t\t\t\t\t\t\t\t<\/a>\n\t\t\t\t\t\t\t<a class=\"e-gallery-item elementor-gallery-item elementor-animated-content\" data-e-gallery-tags=\"0\" href=\"https:\/\/brasilturoperadora.com.br\/site\/wp-content\/uploads\/2021\/10\/Joao-Pessoa.jpg\" data-elementor-open-lightbox=\"yes\" data-elementor-lightbox-slideshow=\"all-99c49e0\" data-elementor-lightbox-title=\"Jo\u00e3o-Pessoa\">\n\t\t\t\t\t<div class=\"e-gallery-image elementor-gallery-item__image\" data-thumbnail=\"https:\/\/brasilturoperadora.com.br\/site\/wp-content\/uploads\/2021\/10\/Joao-Pessoa-300x200.jpg\" data-width=\"300\" data-height=\"200\" alt=\"\" ><\/div>\n\t\t\t\t\t\t\t\t\t\t<div class=\"elementor-gallery-item__overlay\"><\/div>\n\t\t\t\t\t\t\t\t\t\t\t\t\t\t<\/a>\n\t\t\t\t\t<\/div>\n\t\t\t<\/div>\n\t\t\t\t<\/div>\n\t\t            <\/div>\n        <\/div>\n                            <\/div>\n        <\/section>\n                <section class=\"elementor-section elementor-top-section elementor-element elementor-element-75ad5b15 elementor-section-boxed elementor-section-height-default elementor-section-height-default\" data-id=\"75ad5b15\" data-element_type=\"section\">\n            \n                        <div class=\"elementor-container elementor-column-gap-extended \">\n                    <div class=\"elementor-column elementor-col-100 elementor-top-column elementor-element elementor-element-69223225\" data-id=\"69223225\" data-element_type=\"column\">\n            <div class=\"elementor-widget-wrap elementor-element-populated\">\n                        \t\t<div class=\"elementor-element elementor-element-5f841165 elementor-widget elementor-widget-ct_client_carousel\" data-id=\"5f841165\" data-element_type=\"widget\" data-widget_type=\"ct_client_carousel.default\">\n\t\t\t\t<div class=\"elementor-widget-container\">\n\t\t\t    <div class=\"ct-client1 ct-slick-slider style2\">\r\n        <div class=\"ct-clients-list-inner\">\r\n            <div class=\"ct-slick-carousel\" data-arrows=\"true\" data-dots=\"\" data-pauseOnHover=\"\" data-autoplay=\"true\" data-autoplaySpeed=\"5000\" data-infinite=\"true\" data-speed=\"500\" data-colxs=\"2\" data-colsm=\"3\" data-colmd=\"3\" data-collg=\"6\" data-colxl=\"6\" data-dir=\"false\" data-slidesToScroll=\"1\">\r\n                                        <div class=\"slick-slide\">\r\n                            <div class=\"client-image wow fadeInUp\">\r\n                                <a href=\"#\"><img decoding=\"async\" width=\"400\" height=\"400\" src=\"https:\/\/brasilturoperadora.com.br\/site\/wp-content\/uploads\/2020\/03\/affinity.png\" class=\"attachment-full\" alt=\"\" srcset=\"https:\/\/brasilturoperadora.com.br\/site\/wp-content\/uploads\/2020\/03\/affinity.png 400w, https:\/\/brasilturoperadora.com.br\/site\/wp-content\/uploads\/2020\/03\/affinity-300x300.png 300w, https:\/\/brasilturoperadora.com.br\/site\/wp-content\/uploads\/2020\/03\/affinity-150x150.png 150w\" sizes=\"(max-width: 400px) 100vw, 400px\" \/><\/a>\r\n                            <\/div>\r\n                        <\/div>\r\n                                                            <div class=\"slick-slide\">\r\n                            <div class=\"client-image wow fadeInUp\">\r\n                                <a href=\"#\"><img decoding=\"async\" width=\"692\" height=\"389\" src=\"https:\/\/brasilturoperadora.com.br\/site\/wp-content\/uploads\/2020\/03\/Azul.jpg\" class=\"attachment-full\" alt=\"\" srcset=\"https:\/\/brasilturoperadora.com.br\/site\/wp-content\/uploads\/2020\/03\/Azul.jpg 692w, https:\/\/brasilturoperadora.com.br\/site\/wp-content\/uploads\/2020\/03\/Azul-300x169.jpg 300w\" sizes=\"(max-width: 692px) 100vw, 692px\" \/><\/a>\r\n                            <\/div>\r\n                        <\/div>\r\n                                                            <div class=\"slick-slide\">\r\n                            <div class=\"client-image wow fadeInUp\">\r\n                                <a href=\"#\"><img decoding=\"async\" width=\"477\" height=\"224\" src=\"https:\/\/brasilturoperadora.com.br\/site\/wp-content\/uploads\/2020\/03\/cangoroo.png\" class=\"attachment-full\" alt=\"\" srcset=\"https:\/\/brasilturoperadora.com.br\/site\/wp-content\/uploads\/2020\/03\/cangoroo.png 477w, https:\/\/brasilturoperadora.com.br\/site\/wp-content\/uploads\/2020\/03\/cangoroo-300x141.png 300w\" sizes=\"(max-width: 477px) 100vw, 477px\" \/><\/a>\r\n                            <\/div>\r\n                        <\/div>\r\n                                                            <div class=\"slick-slide\">\r\n                            <div class=\"client-image wow fadeInUp\">\r\n                                <a href=\"#\"><img decoding=\"async\" width=\"1280\" height=\"686\" src=\"https:\/\/brasilturoperadora.com.br\/site\/wp-content\/uploads\/2020\/03\/gol-linhas-aereas.png\" class=\"attachment-full\" alt=\"\" srcset=\"https:\/\/brasilturoperadora.com.br\/site\/wp-content\/uploads\/2020\/03\/gol-linhas-aereas.png 1280w, https:\/\/brasilturoperadora.com.br\/site\/wp-content\/uploads\/2020\/03\/gol-linhas-aereas-300x161.png 300w, https:\/\/brasilturoperadora.com.br\/site\/wp-content\/uploads\/2020\/03\/gol-linhas-aereas-1024x549.png 1024w, https:\/\/brasilturoperadora.com.br\/site\/wp-content\/uploads\/2020\/03\/gol-linhas-aereas-768x412.png 768w\" sizes=\"(max-width: 1280px) 100vw, 1280px\" \/><\/a>\r\n                            <\/div>\r\n                        <\/div>\r\n                                                            <div class=\"slick-slide\">\r\n                            <div class=\"client-image wow fadeInUp\">\r\n                                <a href=\"#\"><img decoding=\"async\" width=\"900\" height=\"380\" src=\"https:\/\/brasilturoperadora.com.br\/site\/wp-content\/uploads\/2020\/03\/Latam-linhas-aereas.png\" class=\"attachment-full\" alt=\"\" srcset=\"https:\/\/brasilturoperadora.com.br\/site\/wp-content\/uploads\/2020\/03\/Latam-linhas-aereas.png 900w, https:\/\/brasilturoperadora.com.br\/site\/wp-content\/uploads\/2020\/03\/Latam-linhas-aereas-300x127.png 300w, https:\/\/brasilturoperadora.com.br\/site\/wp-content\/uploads\/2020\/03\/Latam-linhas-aereas-768x324.png 768w\" sizes=\"(max-width: 900px) 100vw, 900px\" \/><\/a>\r\n                            <\/div>\r\n                        <\/div>\r\n                                                            <div class=\"slick-slide\">\r\n                            <div class=\"client-image wow fadeInUp\">\r\n                                <a href=\"#\"><img decoding=\"async\" width=\"475\" height=\"336\" src=\"https:\/\/brasilturoperadora.com.br\/site\/wp-content\/uploads\/2020\/03\/movida.png\" class=\"attachment-full\" alt=\"\" srcset=\"https:\/\/brasilturoperadora.com.br\/site\/wp-content\/uploads\/2020\/03\/movida.png 475w, https:\/\/brasilturoperadora.com.br\/site\/wp-content\/uploads\/2020\/03\/movida-300x212.png 300w\" sizes=\"(max-width: 475px) 100vw, 475px\" \/><\/a>\r\n                            <\/div>\r\n                        <\/div>\r\n                                                <\/div>\r\n        <\/div>\r\n    <\/div>\r\n\t\t<\/div>\n\t\t\t\t<\/div>\n\t\t            <\/div>\n        <\/div>\n                            <\/div>\n        <\/section>\n        \t\t\t\t<\/div>\n\t\t\t\t\t<\/div>\n\t\t","protected":false},"excerpt":{"rendered":"<p>Portfolio Trabalhamos para proporcionar a melhor experi\u00eancia ! Sermos reconhecidos pela excel\u00eancia dos servi\u00e7os prestados no segmento de turismo em geral e religiosos, pela fideliza\u00e7\u00e3o dos nossos clientes, utilizando tecnologia de ponta, mantendo assim um crescimento sustent\u00e1vel! All Israel<\/p>\n","protected":false},"author":1,"featured_media":0,"parent":0,"menu_order":0,"comment_status":"closed","ping_status":"closed","template":"","meta":{"footnotes":""},"_links":{"self":[{"href":"https:\/\/brasilturoperadora.com.br\/site\/index.php\/wp-json\/wp\/v2\/pages\/223"}],"collection":[{"href":"https:\/\/brasilturoperadora.com.br\/site\/index.php\/wp-json\/wp\/v2\/pages"}],"about":[{"href":"https:\/\/brasilturoperadora.com.br\/site\/index.php\/wp-json\/wp\/v2\/types\/page"}],"author":[{"embeddable":true,"href":"https:\/\/brasilturoperadora.com.br\/site\/index.php\/wp-json\/wp\/v2\/users\/1"}],"replies":[{"embeddable":true,"href":"https:\/\/brasilturoperadora.com.br\/site\/index.php\/wp-json\/wp\/v2\/comments?post=223"}],"version-history":[{"count":17,"href":"https:\/\/brasilturoperadora.com.br\/site\/index.php\/wp-json\/wp\/v2\/pages\/223\/revisions"}],"predecessor-version":[{"id":4544,"href":"https:\/\/brasilturoperadora.com.br\/site\/index.php\/wp-json\/wp\/v2\/pages\/223\/revisions\/4544"}],"wp:attachment":[{"href":"https:\/\/brasilturoperadora.com.br\/site\/index.php\/wp-json\/wp\/v2\/media?parent=223"}],"curies":[{"name":"wp","href":"https:\/\/api.w.org\/{rel}","templated":true}]}}