{"id":208,"date":"2020-03-04T11:24:54","date_gmt":"2020-03-04T11:24:54","guid":{"rendered":"https:\/\/demo.casethemes.net\/alico\/?page_id=208"},"modified":"2021-10-14T18:44:55","modified_gmt":"2021-10-14T21:44:55","slug":"sobre-nos-brasiltur","status":"publish","type":"page","link":"https:\/\/brasilturoperadora.com.br\/site\/index.php\/sobre-nos-brasiltur\/","title":{"rendered":"Sobre N\u00f3s"},"content":{"rendered":"\t\t<div data-elementor-type=\"wp-page\" data-elementor-id=\"208\" class=\"elementor elementor-208\" data-elementor-settings=\"[]\">\n\t\t\t\t\t\t\t<div class=\"elementor-section-wrap\">\n\t\t\t\t\t        <section class=\"elementor-section elementor-top-section elementor-element elementor-element-8006597 elementor-section-boxed elementor-section-height-default elementor-section-height-default\" data-id=\"8006597\" data-element_type=\"section\">\n            \n                        <div class=\"elementor-container elementor-column-gap-extended \">\n                    <div class=\"elementor-column elementor-col-50 elementor-top-column elementor-element elementor-element-2437d68\" data-id=\"2437d68\" data-element_type=\"column\">\n            <div class=\"elementor-widget-wrap elementor-element-populated\">\n                        \t\t<div class=\"elementor-element elementor-element-9c349bf elementor-widget elementor-widget-ct_heading\" data-id=\"9c349bf\" data-element_type=\"widget\" data-widget_type=\"ct_heading.default\">\n\t\t\t\t<div class=\"elementor-widget-container\">\n\t\t\t<div class=\"ct-heading ct-heading-dot h-align- \" data-wow-duration=\"1.2s\">\r\n\t\t\t<div class=\"item--sub-title style-default\">\r\n            <span>Sobre N\u00f3s<\/span>\r\n        <\/div>\r\n\t        <h3 class=\"item--title\">\r\n                    <i class=\"dot-shape\">\r\n                <i><\/i>\r\n                <i><\/i>\r\n                <i><\/i>\r\n                <i><\/i>\r\n                <i><\/i>\r\n                <i><\/i>\r\n            <\/i>\r\n                Reconhecidos pela excel\u00eancia dos servi\u00e7os prestados no segmento de turismo em geral e religiosos, e tamb\u00e9m pela fideliza\u00e7\u00e3o dos nossos clientes!    <\/h3>\r\n<\/div>\t\t<\/div>\n\t\t\t\t<\/div>\n\t\t\t\t<div class=\"elementor-element elementor-element-6c8de15 elementor-widget elementor-widget-ct_tabs\" data-id=\"6c8de15\" data-element_type=\"widget\" data-widget_type=\"ct_tabs.default\">\n\t\t\t\t<div class=\"elementor-widget-container\">\n\t\t\t<div class=\"ct-tabs ct-tabs--layout1 style2\">\n    <div class=\"ct-tabs-title\">\n                    <span class=\"ct-tab-title active\" data-target=\"#b83a1f8\">\n                <i aria-hidden=\"true\" class=\"flaticon flaticon-value\"><\/i>                                Valores        \n            <\/span>\n                    <span class=\"ct-tab-title \" data-target=\"#1d51f3f\">\n                <i aria-hidden=\"true\" class=\"flaticon flaticon-start-button\"><\/i>                                Vis\u00e3o        \n            <\/span>\n            <\/div>\n\n    <div class=\"ct-tabs-content\">\n                    <div class=\"ct-tab-content \" id=\"b83a1f8\" style=\"display:block;\">\t\t<div data-elementor-type=\"section\" data-elementor-id=\"2036\" class=\"elementor elementor-2036\" data-elementor-settings=\"[]\">\n\t\t<div class=\"elementor-section-wrap\">\n\t\t\t        <section class=\"elementor-section elementor-top-section elementor-element elementor-element-7ca02c2 elementor-section-boxed elementor-section-height-default elementor-section-height-default\" data-id=\"7ca02c2\" data-element_type=\"section\">\n            \n                        <div class=\"elementor-container elementor-column-gap-extended \">\n                    <div class=\"elementor-column elementor-col-50 elementor-top-column elementor-element elementor-element-03e1dcb\" data-id=\"03e1dcb\" data-element_type=\"column\">\n            <div class=\"elementor-widget-wrap elementor-element-populated\">\n                        \t\t<div class=\"elementor-element elementor-element-6cc3cf0 elementor-widget elementor-widget-image\" data-id=\"6cc3cf0\" data-element_type=\"widget\" data-widget_type=\"image.default\">\n\t\t\t\t<div class=\"elementor-widget-container\">\n\t\t\t\t\t<div class=\"elementor-image\">\n\t\t\t\t\t\t\t\t\t\t<img decoding=\"async\" src=\"https:\/\/brasilturoperadora.com.br\/site\/wp-content\/uploads\/2020\/03\/WhatsApp-Image-2020-10-13-at-11.16.40-2.jpeg\" title=\"WhatsApp Image 2020-10-13 at 11.16.40 (2)\" alt=\"WhatsApp Image 2020-10-13 at 11.16.40 (2)\" \/>\t\t\t\t\t\t\t\t\t\t\t<\/div>\n\t\t\t\t<\/div>\n\t\t\t\t<\/div>\n\t\t            <\/div>\n        <\/div>\n                <div class=\"elementor-column elementor-col-50 elementor-top-column elementor-element elementor-element-6dc6e83\" data-id=\"6dc6e83\" data-element_type=\"column\">\n            <div class=\"elementor-widget-wrap elementor-element-populated\">\n                        \t\t<div class=\"elementor-element elementor-element-dadd11f elementor-widget elementor-widget-ct_list\" data-id=\"dadd11f\" data-element_type=\"widget\" data-widget_type=\"ct_list.default\">\n\t\t\t\t<div class=\"elementor-widget-container\">\n\t\t\t    <div class=\"ct-list style2 \">\r\n                    <div class=\"ct-list-item\">\r\n            \t<div class=\"ct-list-icon\"><i class=\"ct-list-dot\"><\/i><\/div>\r\n            \t<div class=\"ct-list-meta\">\r\n\t            \t<div class=\"ct-list-desc\">\r\n\t            \t\tAtuar com excel\u00eancia no servi\u00e7o de agenciamento de viagens a neg\u00f3cios e lazer e no suporte a eventos, garantindo a cria\u00e7\u00e3o e gera\u00e7\u00e3o de valor para clientes, equipe e sociedade promovendo a satisfa\u00e7\u00e3o total de cliente e a sustentabilidade do neg\u00f3cio.\t            \t<\/div>\r\n\t            <\/div>\r\n           <\/div>\r\n            <\/div>\r\n\t\t<\/div>\n\t\t\t\t<\/div>\n\t\t            <\/div>\n        <\/div>\n                            <\/div>\n        <\/section>\n        \t\t<\/div>\n\t\t<\/div>\n\t\t<\/div>\n                    <div class=\"ct-tab-content \" id=\"1d51f3f\">\t\t<div data-elementor-type=\"section\" data-elementor-id=\"2047\" class=\"elementor elementor-2047\" data-elementor-settings=\"[]\">\n\t\t<div class=\"elementor-section-wrap\">\n\t\t\t        <section class=\"elementor-section elementor-top-section elementor-element elementor-element-18d72619 elementor-section-boxed elementor-section-height-default elementor-section-height-default\" data-id=\"18d72619\" data-element_type=\"section\">\n            \n                        <div class=\"elementor-container elementor-column-gap-extended \">\n                    <div class=\"elementor-column elementor-col-50 elementor-top-column elementor-element elementor-element-b065298\" data-id=\"b065298\" data-element_type=\"column\">\n            <div class=\"elementor-widget-wrap elementor-element-populated\">\n                        \t\t<div class=\"elementor-element elementor-element-5320cba2 elementor-widget elementor-widget-image\" data-id=\"5320cba2\" data-element_type=\"widget\" data-widget_type=\"image.default\">\n\t\t\t\t<div class=\"elementor-widget-container\">\n\t\t\t\t\t<div class=\"elementor-image\">\n\t\t\t\t\t\t\t\t\t\t<img decoding=\"async\" src=\"https:\/\/brasilturoperadora.com.br\/site\/wp-content\/uploads\/2021\/10\/WhatsApp-Image-2020-10-13-at-11.16.41.jpeg\" title=\"WhatsApp Image 2020-10-13 at 11.16.41\" alt=\"WhatsApp Image 2020-10-13 at 11.16.41\" \/>\t\t\t\t\t\t\t\t\t\t\t<\/div>\n\t\t\t\t<\/div>\n\t\t\t\t<\/div>\n\t\t            <\/div>\n        <\/div>\n                <div class=\"elementor-column elementor-col-50 elementor-top-column elementor-element elementor-element-6670b81\" data-id=\"6670b81\" data-element_type=\"column\">\n            <div class=\"elementor-widget-wrap elementor-element-populated\">\n                        \t\t<div class=\"elementor-element elementor-element-5b8f6f65 elementor-widget elementor-widget-ct_list\" data-id=\"5b8f6f65\" data-element_type=\"widget\" data-widget_type=\"ct_list.default\">\n\t\t\t\t<div class=\"elementor-widget-container\">\n\t\t\t    <div class=\"ct-list style2 \">\r\n                    <div class=\"ct-list-item\">\r\n            \t<div class=\"ct-list-icon\"><i class=\"ct-list-dot\"><\/i><\/div>\r\n            \t<div class=\"ct-list-meta\">\r\n\t            \t<div class=\"ct-list-desc\">\r\n\t            \t\tAtuar com excel\u00eancia no servi\u00e7o de agenciamento de viagens a neg\u00f3cios e lazer e no suporte a eventos, garantindo a cria\u00e7\u00e3o e gera\u00e7\u00e3o de valor para clientes, equipe e sociedade promovendo a satisfa\u00e7\u00e3o total de cliente e a sustentabilidade do neg\u00f3cio.\t            \t<\/div>\r\n\t            <\/div>\r\n           <\/div>\r\n            <\/div>\r\n\t\t<\/div>\n\t\t\t\t<\/div>\n\t\t            <\/div>\n        <\/div>\n                            <\/div>\n        <\/section>\n        \t\t<\/div>\n\t\t<\/div>\n\t\t<\/div>\n            <\/div>\n<\/div>\t\t<\/div>\n\t\t\t\t<\/div>\n\t\t            <\/div>\n        <\/div>\n                <div class=\"elementor-column elementor-col-50 elementor-top-column elementor-element elementor-element-ab06440\" data-id=\"ab06440\" data-element_type=\"column\">\n            <div class=\"elementor-widget-wrap elementor-element-populated\">\n                        \t\t<div class=\"elementor-element elementor-element-fb72c8e elementor-widget elementor-widget-ct_image\" data-id=\"fb72c8e\" data-element_type=\"widget\" data-widget_type=\"ct_image.default\">\n\t\t\t\t<div class=\"elementor-widget-container\">\n\t\t\t<div class=\"ct-image-single wow pulse\" data-wow-duration=\"1.2s\" data-wow-delay=\"ms\">\r\n                        <img decoding=\"async\" width=\"530\" height=\"392\" src=\"https:\/\/brasilturoperadora.com.br\/site\/wp-content\/uploads\/2021\/10\/sobre-nos.jpg\" class=\"attachment-full\" alt=\"\" \/>            <\/div>\t\t<\/div>\n\t\t\t\t<\/div>\n\t\t\t\t<div class=\"elementor-element elementor-element-452de9f elementor-widget elementor-widget-ct_text_editor\" data-id=\"452de9f\" data-element_type=\"widget\" data-widget_type=\"ct_text_editor.default\">\n\t\t\t\t<div class=\"elementor-widget-container\">\n\t\t\t<div id=\"ct_text_editor-452de9f\" class=\"ct-text-editor \">\n\t<div class=\"ct-inline-css\"  data-css=\"\n        \">\n    <\/div>\n\t<div class=\"ct-text-editor elementor-clearfix\"><p>Atualmente a empresa atende tr\u00eas eventos fortes Ciben, Conamad e Comjademque s\u00e3o realizados todos os anos em territ\u00f3rio nacional e conta tamb\u00e9m uma vez por ano com umajornada para Israel. A empresa poderia ser apenas uma ag\u00eancia ao inv\u00e9s de operadora, por\u00e9m estabelecemos um acordo com os nossos fornecedores e isso nos permitiu a abrir uma operadora para atendermos as ag\u00eancias de viagens em toda a regi\u00e3o de Goi\u00e2nia e interiores, assim surgiu no dia 28 de Dezembro de 2017 a Brasil Tur operadora de viagens Ltda.<\/p><\/div>\n<\/div>\t\t<\/div>\n\t\t\t\t<\/div>\n\t\t            <\/div>\n        <\/div>\n                            <\/div>\n        <\/section>\n                <section class=\"elementor-section elementor-top-section elementor-element elementor-element-7f311d98 elementor-section-boxed elementor-section-height-default elementor-section-height-default\" data-id=\"7f311d98\" data-element_type=\"section\">\n            \n                        <div class=\"elementor-container elementor-column-gap-extended \">\n                    <div class=\"elementor-column elementor-col-100 elementor-top-column elementor-element elementor-element-31382e63\" data-id=\"31382e63\" data-element_type=\"column\">\n            <div class=\"elementor-widget-wrap elementor-element-populated\">\n                        \t\t<div class=\"elementor-element elementor-element-643867be elementor-widget elementor-widget-ct_client_carousel\" data-id=\"643867be\" data-element_type=\"widget\" data-widget_type=\"ct_client_carousel.default\">\n\t\t\t\t<div class=\"elementor-widget-container\">\n\t\t\t    <div class=\"ct-client1 ct-slick-slider style2\">\r\n        <div class=\"ct-clients-list-inner\">\r\n            <div class=\"ct-slick-carousel\" data-arrows=\"\" data-dots=\"\" data-pauseOnHover=\"\" data-autoplay=\"true\" data-autoplaySpeed=\"5000\" data-infinite=\"true\" data-speed=\"500\" data-colxs=\"2\" data-colsm=\"3\" data-colmd=\"3\" data-collg=\"6\" data-colxl=\"6\" data-dir=\"false\" data-slidesToScroll=\"1\">\r\n                                        <div class=\"slick-slide\">\r\n                            <div class=\"client-image wow fadeInUp\">\r\n                                <a href=\"#\"><img decoding=\"async\" width=\"400\" height=\"400\" src=\"https:\/\/brasilturoperadora.com.br\/site\/wp-content\/uploads\/2020\/03\/affinity.png\" class=\"attachment-full\" alt=\"\" srcset=\"https:\/\/brasilturoperadora.com.br\/site\/wp-content\/uploads\/2020\/03\/affinity.png 400w, https:\/\/brasilturoperadora.com.br\/site\/wp-content\/uploads\/2020\/03\/affinity-300x300.png 300w, https:\/\/brasilturoperadora.com.br\/site\/wp-content\/uploads\/2020\/03\/affinity-150x150.png 150w\" sizes=\"(max-width: 400px) 100vw, 400px\" \/><\/a>\r\n                            <\/div>\r\n                        <\/div>\r\n                                                            <div class=\"slick-slide\">\r\n                            <div class=\"client-image wow fadeInUp\">\r\n                                <a href=\"#\"><img decoding=\"async\" width=\"692\" height=\"389\" src=\"https:\/\/brasilturoperadora.com.br\/site\/wp-content\/uploads\/2020\/03\/Azul.jpg\" class=\"attachment-full\" alt=\"\" srcset=\"https:\/\/brasilturoperadora.com.br\/site\/wp-content\/uploads\/2020\/03\/Azul.jpg 692w, https:\/\/brasilturoperadora.com.br\/site\/wp-content\/uploads\/2020\/03\/Azul-300x169.jpg 300w\" sizes=\"(max-width: 692px) 100vw, 692px\" \/><\/a>\r\n                            <\/div>\r\n                        <\/div>\r\n                                                            <div class=\"slick-slide\">\r\n                            <div class=\"client-image wow fadeInUp\">\r\n                                <a href=\"#\"><img decoding=\"async\" width=\"477\" height=\"224\" src=\"https:\/\/brasilturoperadora.com.br\/site\/wp-content\/uploads\/2020\/03\/cangoroo.png\" class=\"attachment-full\" alt=\"\" srcset=\"https:\/\/brasilturoperadora.com.br\/site\/wp-content\/uploads\/2020\/03\/cangoroo.png 477w, https:\/\/brasilturoperadora.com.br\/site\/wp-content\/uploads\/2020\/03\/cangoroo-300x141.png 300w\" sizes=\"(max-width: 477px) 100vw, 477px\" \/><\/a>\r\n                            <\/div>\r\n                        <\/div>\r\n                                                            <div class=\"slick-slide\">\r\n                            <div class=\"client-image wow fadeInUp\">\r\n                                <a href=\"#\"><img decoding=\"async\" width=\"1280\" height=\"686\" src=\"https:\/\/brasilturoperadora.com.br\/site\/wp-content\/uploads\/2020\/03\/gol-linhas-aereas.png\" class=\"attachment-full\" alt=\"\" srcset=\"https:\/\/brasilturoperadora.com.br\/site\/wp-content\/uploads\/2020\/03\/gol-linhas-aereas.png 1280w, https:\/\/brasilturoperadora.com.br\/site\/wp-content\/uploads\/2020\/03\/gol-linhas-aereas-300x161.png 300w, https:\/\/brasilturoperadora.com.br\/site\/wp-content\/uploads\/2020\/03\/gol-linhas-aereas-1024x549.png 1024w, https:\/\/brasilturoperadora.com.br\/site\/wp-content\/uploads\/2020\/03\/gol-linhas-aereas-768x412.png 768w\" sizes=\"(max-width: 1280px) 100vw, 1280px\" \/><\/a>\r\n                            <\/div>\r\n                        <\/div>\r\n                                                            <div class=\"slick-slide\">\r\n                            <div class=\"client-image wow fadeInUp\">\r\n                                <a href=\"#\"><img decoding=\"async\" width=\"900\" height=\"380\" src=\"https:\/\/brasilturoperadora.com.br\/site\/wp-content\/uploads\/2020\/03\/Latam-linhas-aereas.png\" class=\"attachment-full\" alt=\"\" srcset=\"https:\/\/brasilturoperadora.com.br\/site\/wp-content\/uploads\/2020\/03\/Latam-linhas-aereas.png 900w, https:\/\/brasilturoperadora.com.br\/site\/wp-content\/uploads\/2020\/03\/Latam-linhas-aereas-300x127.png 300w, https:\/\/brasilturoperadora.com.br\/site\/wp-content\/uploads\/2020\/03\/Latam-linhas-aereas-768x324.png 768w\" sizes=\"(max-width: 900px) 100vw, 900px\" \/><\/a>\r\n                            <\/div>\r\n                        <\/div>\r\n                                                            <div class=\"slick-slide\">\r\n                            <div class=\"client-image wow fadeInUp\">\r\n                                <a href=\"#\"><img decoding=\"async\" width=\"475\" height=\"336\" src=\"https:\/\/brasilturoperadora.com.br\/site\/wp-content\/uploads\/2020\/03\/movida.png\" class=\"attachment-full\" alt=\"\" srcset=\"https:\/\/brasilturoperadora.com.br\/site\/wp-content\/uploads\/2020\/03\/movida.png 475w, https:\/\/brasilturoperadora.com.br\/site\/wp-content\/uploads\/2020\/03\/movida-300x212.png 300w\" sizes=\"(max-width: 475px) 100vw, 475px\" \/><\/a>\r\n                            <\/div>\r\n                        <\/div>\r\n                                                <\/div>\r\n        <\/div>\r\n    <\/div>\r\n\t\t<\/div>\n\t\t\t\t<\/div>\n\t\t            <\/div>\n        <\/div>\n                            <\/div>\n        <\/section>\n        \t\t\t\t<\/div>\n\t\t\t\t\t<\/div>\n\t\t","protected":false},"excerpt":{"rendered":"<p>Sobre N\u00f3s Reconhecidos pela excel\u00eancia dos servi\u00e7os prestados no segmento de turismo em geral e religiosos, e tamb\u00e9m pela fideliza\u00e7\u00e3o dos nossos clientes! Valores Vis\u00e3o Atuar com excel\u00eancia no servi\u00e7o de agenciamento de viagens a neg\u00f3cios e lazer e no suporte a eventos, garantindo a cria\u00e7\u00e3o e gera\u00e7\u00e3o de valor para clientes, equipe e sociedade [&hellip;]<\/p>\n","protected":false},"author":1,"featured_media":0,"parent":0,"menu_order":0,"comment_status":"closed","ping_status":"closed","template":"","meta":{"footnotes":""},"_links":{"self":[{"href":"https:\/\/brasilturoperadora.com.br\/site\/index.php\/wp-json\/wp\/v2\/pages\/208"}],"collection":[{"href":"https:\/\/brasilturoperadora.com.br\/site\/index.php\/wp-json\/wp\/v2\/pages"}],"about":[{"href":"https:\/\/brasilturoperadora.com.br\/site\/index.php\/wp-json\/wp\/v2\/types\/page"}],"author":[{"embeddable":true,"href":"https:\/\/brasilturoperadora.com.br\/site\/index.php\/wp-json\/wp\/v2\/users\/1"}],"replies":[{"embeddable":true,"href":"https:\/\/brasilturoperadora.com.br\/site\/index.php\/wp-json\/wp\/v2\/comments?post=208"}],"version-history":[{"count":40,"href":"https:\/\/brasilturoperadora.com.br\/site\/index.php\/wp-json\/wp\/v2\/pages\/208\/revisions"}],"predecessor-version":[{"id":4445,"href":"https:\/\/brasilturoperadora.com.br\/site\/index.php\/wp-json\/wp\/v2\/pages\/208\/revisions\/4445"}],"wp:attachment":[{"href":"https:\/\/brasilturoperadora.com.br\/site\/index.php\/wp-json\/wp\/v2\/media?parent=208"}],"curies":[{"name":"wp","href":"https:\/\/api.w.org\/{rel}","templated":true}]}}